{"id":41,"date":"2016-02-12T13:53:51","date_gmt":"2016-02-12T13:53:51","guid":{"rendered":"http:\/\/www.elrhema.com\/?page_id=41"},"modified":"2016-05-16T20:55:26","modified_gmt":"2016-05-16T20:55:26","slug":"vision-mision-valores","status":"publish","type":"page","link":"https:\/\/www.elrhema.org\/?page_id=41","title":{"rendered":"VISI\u00d3N, MISI\u00d3N, VALORES"},"content":{"rendered":"<p>&nbsp;<br \/>\n<img loading=\"lazy\" decoding=\"async\" class=\"aligncenter wp-image-123 size-full\" src=\"https:\/\/www.elrhema.org\/wp-content\/uploads\/2016\/02\/mision-vision-valores.png\" alt=\"mision-vision-valores\" width=\"550\" height=\"402\" srcset=\"https:\/\/www.elrhema.org\/wp-content\/uploads\/2016\/02\/mision-vision-valores.png 550w, https:\/\/www.elrhema.org\/wp-content\/uploads\/2016\/02\/mision-vision-valores-300x219.png 300w, https:\/\/www.elrhema.org\/wp-content\/uploads\/2016\/02\/mision-vision-valores-205x150.png 205w, https:\/\/www.elrhema.org\/wp-content\/uploads\/2016\/02\/mision-vision-valores-150x110.png 150w\" sizes=\"(max-width: 550px) 100vw, 550px\" \/><\/p>\n<p>&nbsp;<\/p>\n<p style=\"text-align: left;\"><em><strong>VISI\u00d3N <\/strong><\/em><\/p>\n<p style=\"text-align: justify;\">Somos una iglesia sanadora y restauradora de los individuos y familias a trav\u00e9s de la proclamaci\u00f3n del Evangelio de Jesucristo y la ministraci\u00f3n personal y colectiva de los carismas del Esp\u00edritu Santo, a los que no conocen a Dios o han abandonado la fe cristiana, con el prop\u00f3sito de que se conviertan en:<\/p>\n<ul style=\"text-align: justify;\">\n<li>cristianos consagrados.<\/li>\n<li>creyentes de oraci\u00f3n y conocedores de la Palabra de Dios.<\/li>\n<li>adoradores aut\u00e9nticos.<\/li>\n<li>servidores del reino en la Iglesia, en Puerto Rico y en las naciones.<\/li>\n<\/ul>\n<p style=\"text-align: justify;\"><strong>\u00a0<\/strong><\/p>\n<p style=\"text-align: left;\"><em><strong>MISI\u00d3N<\/strong><\/em><\/p>\n<p style=\"text-align: justify;\">Proclamar la Palabra poderosa de Dios para restaurar y transformar vidas y familias seg\u00fan Cristo lo estableci\u00f3 en La Gran Comisi\u00f3n (Mateo 28:18-19).<\/p>\n<ul style=\"text-align: justify;\">\n<li>\u201cHaced disc\u00edpulos\u201d \u2013 seguidores de Cristo<\/li>\n<li>\u201cBautiz\u00e1ndolos\u201d \u2013 compromiso con el Cuerpo de Cristo. Pertenecer, congregarse y servir como una gran familia.<\/li>\n<li>\u201cGuardando la Palabra\u201d- Vidas de testimonio y consagradas a trav\u00e9s de la oraci\u00f3n, el estudio de la Palabra, el ayuno y \u00a0la adoraci\u00f3n.<\/li>\n<\/ul>\n<p style=\"text-align: left;\"><em><strong>VALORES<\/strong><\/em><\/p>\n<ul style=\"text-align: justify;\">\n<li style=\"text-align: justify;\">Valoramos la Biblia como la Palabra de Dios porque creemos que es poderosa para restaurar y transformar al individuo y a las familias. (Juan 5:39)<\/li>\n<li style=\"text-align: justify;\">Valoramos los carismas del Esp\u00edritu Santo porque creemos que son para la edificaci\u00f3n de la Iglesia y el crecimiento de los creyentes. (1 Corintios 12:4-13)<\/li>\n<li style=\"text-align: justify;\">Valoramos la oraci\u00f3n como un arma poderosa porque creemos que Dios oye y responde la oraci\u00f3n del justo. (Jerem\u00edas 33:3; 1 Tesalonicenses 5:16-18)<\/li>\n<li style=\"text-align: justify;\">Valoramos la alabanza y la adoraci\u00f3n porque Dios es merecedor de ella y una adoraci\u00f3n en el esp\u00edritu es sanadora, restauradora y liberadora. (\u00c9xodo 23:25)<\/li>\n<li style=\"text-align: justify;\">Valoramos la koinon\u00eda (compa\u00f1erismo en el amor \u00e1gape) entre los creyentes porque Dios ordena amarnos unos a otros. Somos una gran familia unida por la Sangre de Cristo. (1 Juan 4:7; Juan 13:34; 1 Juan 4:11)<\/li>\n<li style=\"text-align: justify;\">Valoramos la unidad del Cuerpo de Cristo porque la Palabra de Dios establece que seamos uno, como Cristo y el Padre, para que el mundo pueda creer en su Evangelio. (Efesios 4:3; Hebreos 10:24-25; Romanos 12:4-5; 1 Corintios 1:10)<\/li>\n<li style=\"text-align: justify;\">Valoramos la ni\u00f1ez porque la Biblia dice \u201cdejad los ni\u00f1os venir a m\u00ed porque de ellos es el Reino de los Cielos\u201d (Mateo 19:14).<\/li>\n<li style=\"text-align: justify;\">\u00a0Valoramos el servicio de excelencia en el Cuerpo de Cristo porque ejemplo nos ha dado el Maestro cuando dijo: \u201cYo vine para servir\u201d (Mateo 20:28).<\/li>\n<li style=\"text-align: justify;\">Valoramos las misiones porque est\u00e1n en el coraz\u00f3n de Dios y son el sue\u00f1o de Dios. Su prop\u00f3sito es que todos sean salvos (Marcos 16:15).<\/li>\n<li style=\"text-align: justify;\">Valoramos a cada creyente porque creemos que Dios tiene un prop\u00f3sito en la vida de cada uno que se a\u00f1ade a la Iglesia, y que si alguno se consagra, es instrumento dispuesto por Dios para toda buena obra. (Salmos 138:8; Jerem\u00edas 29:11)<\/li>\n<li style=\"text-align: justify;\">Valoramos la autoridad pastoral, porque es el orden que Dios establece en su Palabra. (Hebreos 13:17)<\/li>\n<\/ul>\n<p style=\"text-align: justify;\"><strong>\u00a0<\/strong><\/p>\n","protected":false},"excerpt":{"rendered":"<p>&nbsp; &nbsp; VISI\u00d3N Somos una iglesia sanadora y restauradora de los individuos y familias a trav\u00e9s de la proclamaci\u00f3n del Evangelio de Jesucristo y la ministraci\u00f3n personal y colectiva de los carismas del Esp\u00edritu Santo, a los que no conocen a Dios o han abandonado la fe cristiana, con el\u2026<\/p>\n<p> <a class=\"continue-reading-link\" href=\"https:\/\/www.elrhema.org\/?page_id=41\"><span>Continue reading<\/span><i class=\"crycon-right-dir\"><\/i><\/a> <\/p>\n","protected":false},"author":1,"featured_media":0,"parent":0,"menu_order":0,"comment_status":"closed","ping_status":"closed","template":"templates\/template-onecolumn.php","meta":{"footnotes":""},"_links":{"self":[{"href":"https:\/\/www.elrhema.org\/index.php?rest_route=\/wp\/v2\/pages\/41"}],"collection":[{"href":"https:\/\/www.elrhema.org\/index.php?rest_route=\/wp\/v2\/pages"}],"about":[{"href":"https:\/\/www.elrhema.org\/index.php?rest_route=\/wp\/v2\/types\/page"}],"author":[{"embeddable":true,"href":"https:\/\/www.elrhema.org\/index.php?rest_route=\/wp\/v2\/users\/1"}],"replies":[{"embeddable":true,"href":"https:\/\/www.elrhema.org\/index.php?rest_route=%2Fwp%2Fv2%2Fcomments&post=41"}],"version-history":[{"count":6,"href":"https:\/\/www.elrhema.org\/index.php?rest_route=\/wp\/v2\/pages\/41\/revisions"}],"predecessor-version":[{"id":539,"href":"https:\/\/www.elrhema.org\/index.php?rest_route=\/wp\/v2\/pages\/41\/revisions\/539"}],"wp:attachment":[{"href":"https:\/\/www.elrhema.org\/index.php?rest_route=%2Fwp%2Fv2%2Fmedia&parent=41"}],"curies":[{"name":"wp","href":"https:\/\/api.w.org\/{rel}","templated":true}]}}