{"id":47,"date":"2016-02-12T13:56:24","date_gmt":"2016-02-12T13:56:24","guid":{"rendered":"http:\/\/www.elrhema.com\/?page_id=47"},"modified":"2016-05-08T01:39:48","modified_gmt":"2016-05-08T01:39:48","slug":"pastores","status":"publish","type":"page","link":"https:\/\/www.elrhema.org\/?page_id=47","title":{"rendered":"PASTORES"},"content":{"rendered":"<p>&nbsp;<\/p>\n<p><img loading=\"lazy\" decoding=\"async\" class=\"size-full wp-image-322 alignleft\" src=\"https:\/\/www.elrhema.org\/wp-content\/uploads\/2016\/02\/Pastor_Elias-2.jpg\" alt=\"Pastor_Elias\" width=\"215\" height=\"273\" srcset=\"https:\/\/www.elrhema.org\/wp-content\/uploads\/2016\/02\/Pastor_Elias-2.jpg 215w, https:\/\/www.elrhema.org\/wp-content\/uploads\/2016\/02\/Pastor_Elias-2-118x150.jpg 118w\" sizes=\"(max-width: 215px) 100vw, 215px\" \/><\/p>\n<p style=\"text-align: justify;\"><strong>Pastor Jos\u00e9 El\u00edas Rodr\u00edguez<\/strong>. Naci\u00f3 en el pueblo de Camuy PR, el \u00a025 de julio de 1953. Jos\u00e9 El\u00edas es el primog\u00e9nito de tres hermanos, el cual procrearon sus padres Alfonso Rodr\u00edguez y Celia Adorno. Creci\u00f3 en un hogar cristiano. Desde ni\u00f1o sus padres fueron fieles servidores en la iglesia, por lo que su trabajo para Dios comenz\u00f3 desde muy peque\u00f1o. Sus padres iniciaron su pastoreado en la barriada Vietnam de Cata\u00f1o, lugar donde Jos\u00e9 El\u00edas,\u00a0inici\u00f3\u00a0su ministerio como l\u00edder de j\u00f3venes.<\/p>\n<p style=\"text-align: justify;\">En su trayectoria cristiana Dios lo llev\u00f3\u00a0a trabajar en la Asociaci\u00f3n de J\u00f3venes Embajadores de Cristo, del Concilio de Dios Pentecostal Movimiento InternacionaI (MI). Trabaj\u00f3\u00a0en esta organizaci\u00f3n dirigiendo el Departamento de juveniles, campamentos de verano y participando activamente en la coordinaci\u00f3n de actividades especiales como los Encuentros, Convenciones de J\u00f3venes entre otras.<\/p>\n<p style=\"text-align: justify;\">Luego de la jubilaci\u00f3n de su padre, como ministro del Concilio Pentecostal, Dios lleva al Pastor Jos\u00e9 El\u00edas a la Iglesia Ministerio Sanador, pastoreada por el Rev. Mois\u00e9s Rom\u00e1n. All\u00ed trabaj\u00f3 por espacio de 12 a\u00f1os en diferentes posiciones \u00a0como ujier, diacono, miembro de la junta de gobierno y Director de programaci\u00f3n de dicha Iglesia.<\/p>\n<p style=\"text-align: justify;\">En su preparaci\u00f3n profesional \u00a0logr\u00f3\u00a0obtener un bachillerato en educaci\u00f3n primaria, permiti\u00e9ndole\u00a0trabajar como \u00a0maestro del Departamento de Educaci\u00f3n de PR. \u00a0M\u00e1s adelante Dios le permite dejar el magisterio para dedicarse a uno de sus mayores y \u00a0grandes sue\u00f1os, tener una agencia de viajes. Actualmente \u00e9l es el due\u00f1o de la Agencia de viajes Pronto Travel. \u00a0Por medio de esta agencia de viajes \u00a0puede bendecir a las iglesias y sobre todo a grupos misioneros que parten a \u00a0cumplir el llamado misionero, pues \u00e9l posee un coraz\u00f3n lleno de\u00a0pasi\u00f3n\u00a0por la evangelizaci\u00f3n de las Naciones. No obstante, Dios, coloca en su coraz\u00f3n un fuerte llamado pastoral.<\/p>\n<p style=\"text-align: justify;\">Respondiendo en obediencia al llamado de Dios decide establecer con su esposa Clara Garc\u00eda una peque\u00f1a c\u00e9lula de oraci\u00f3n, en el cual se interced\u00edan otros, Este se cumple cuando funda junto a su esposa Clara Garc\u00eda el Ministerio el Rhema Restaurador de Dios.<\/p>\n<p><img loading=\"lazy\" decoding=\"async\" class=\"aligncenter size-full wp-image-373\" src=\"https:\/\/www.elrhema.org\/wp-content\/uploads\/2016\/02\/divider1-el-rhema.png\" alt=\"divider1 el rhema\" width=\"819\" height=\"99\" srcset=\"https:\/\/www.elrhema.org\/wp-content\/uploads\/2016\/02\/divider1-el-rhema.png 819w, https:\/\/www.elrhema.org\/wp-content\/uploads\/2016\/02\/divider1-el-rhema-300x36.png 300w, https:\/\/www.elrhema.org\/wp-content\/uploads\/2016\/02\/divider1-el-rhema-768x93.png 768w, https:\/\/www.elrhema.org\/wp-content\/uploads\/2016\/02\/divider1-el-rhema-600x73.png 600w, https:\/\/www.elrhema.org\/wp-content\/uploads\/2016\/02\/divider1-el-rhema-250x30.png 250w, https:\/\/www.elrhema.org\/wp-content\/uploads\/2016\/02\/divider1-el-rhema-150x18.png 150w\" sizes=\"(max-width: 819px) 100vw, 819px\" \/><\/p>\n<p style=\"text-align: center;\"><img loading=\"lazy\" decoding=\"async\" class=\"size-full wp-image-438 alignleft\" src=\"https:\/\/www.elrhema.org\/wp-content\/uploads\/2016\/02\/Pastora-Clara.png\" alt=\"Pastora Clara\" width=\"218\" height=\"303\" srcset=\"https:\/\/www.elrhema.org\/wp-content\/uploads\/2016\/02\/Pastora-Clara.png 218w, https:\/\/www.elrhema.org\/wp-content\/uploads\/2016\/02\/Pastora-Clara-216x300.png 216w, https:\/\/www.elrhema.org\/wp-content\/uploads\/2016\/02\/Pastora-Clara-108x150.png 108w\" sizes=\"(max-width: 218px) 100vw, 218px\" \/><\/p>\n<p style=\"text-align: justify;\"><strong>Pastora Clara Garc\u00eda.<\/strong>\u00a0Naci\u00f3 en San Juan, capital de Puerto Rico y se cri\u00f3 en uno de los barrios pobres de San Juan, llamado Yambele. Fue producto de la evangelizaci\u00f3n de ni\u00f1os de hogares de personas no creyentes. Sus padres no asist\u00edan a la iglesia, pero, si permitieron a sus hijos ir a la escuela b\u00edblica dominical.<\/p>\n<p style=\"text-align: justify;\">Desde muy peque\u00f1a la iglesia fue formando su vida con principios y valores cristianos. Pero la Iglesia no solo sembr\u00f3 en ella principios y valores cristianos, sino, que fue la fuente inspiradora para ella estudiar y superar la pobreza. La Iglesia desarrollo en ella su liderazgo, sus talentos y potencial que luego utilizar\u00eda profesionalmente.<\/p>\n<p style=\"text-align: justify;\">En su juventud\u00a0trabaj\u00f3\u00a0durante nueve a\u00f1os como l\u00edder \u00a0en la Asociaci\u00f3n de\u00a0J\u00f3venes\u00a0Embajadores de Cristo, (AJEC) de la Iglesia de Dios Pentecostal \u00a0Movimiento \u00a0Internacional. En la misma se \u00a0destac\u00f3 en\u00a0diversas posiciones hasta llegar a la vicepresidencia. Gracias a su trabajo en \u00a0la Iglesia, su voz fue reconocida no solo en el \u00e1mbito religioso, sino que\u00a0tambi\u00e9n\u00a0en el\u00a0\u00e1mbito\u00a0secular, por los programas radiales y televisivos en los que\u00a0particip\u00f3. Durante 25 a\u00f1os\u00a0fungi\u00f3\u00a0como co-anfitriona del Programa televisivo \u201cRespuesta\u201d que se difunde en Puerto Rico y fuera de Puerto Rico llegando hasta pa\u00edses europeos y otras partes del mundo. La pastora Clara ofrec\u00eda conferencias dirigidas a mujeres, familias, l\u00edderes, sanidad interior, entre \u00a0otros. Proclamaba y predicaba la Palabra por diferentes iglesias y organizaciones sin fines de lucro.<\/p>\n<p style=\"text-align: justify;\">La Pastora Clara obtuvo un bachillerato en ciencias naturales de la Universidad de Puerto Rico. Luego complet\u00f3 su maestr\u00eda en Supervisi\u00f3n y Administraci\u00f3n Educativa. \u00a0Adem\u00e1s se mantuvo tomando cursos para completar su doctorado en Administraci\u00f3n Educativa. Durante 30 a\u00f1os labor\u00f3 en el Departamento de Educaci\u00f3n de Puerto Rico. \u00a0Durante este espacio de tiempo, se desempe\u00f1\u00f3 en diferentes \u00e1reas de servicio como maestra de matem\u00e1ticas de la escuela intermedia, Superintendente Auxiliar en el Distrito de Guaynabo, y al frente de la Oficina de Comunicaciones del DE en el cual \u00a0se \u00a0destac\u00f3\u00a0como moderadora y presentadora de varios programas educativos.<\/p>\n<p style=\"text-align: justify;\">En los \u00faltimos 4 a\u00f1os de su vida Dios le\u00a0permitio, junto a su esposo Jos\u00e9 E. Rodr\u00edguez, incorporar seg\u00fan las disposiciones de Ley de Puerto Rico una organizaci\u00f3n sin fines de lucro de base de fe. \u00a0\u00c9sta\u00a0fue El Rhema Restaurador de Dios. Con esta corporaci\u00f3n establecieron una iglesia con el fin de colaborar con la sociedad restableciendo y fortaleciendo los valores familiares con una visi\u00f3n sanadora y restauradora de forma integral, de los hombres y mujeres; por consiguiente de las familias. En la misma se trabaja con los j\u00f3venes y ni\u00f1os, utilizando las artes como herramienta primordial. La Pastora Clara cre\u00eda que las artes fueron creadas por Dios como instrumentos sanadores y restauradores. \u00a0Adem\u00e1s,\u00a0cre\u00eda firmemente en la adoraci\u00f3n y alabanza, la oraci\u00f3n y la proclamaci\u00f3n del evangelio como armas poderosas de Dios para extender el reino aqu\u00ed en la Tierra.<\/p>\n","protected":false},"excerpt":{"rendered":"<p>&nbsp; Pastor Jos\u00e9 El\u00edas Rodr\u00edguez. Naci\u00f3 en el pueblo de Camuy PR, el \u00a025 de julio de 1953. Jos\u00e9 El\u00edas es el primog\u00e9nito de tres hermanos, el cual procrearon sus padres Alfonso Rodr\u00edguez y Celia Adorno. Creci\u00f3 en un hogar cristiano. Desde ni\u00f1o sus padres fueron fieles servidores en la\u2026<\/p>\n<p> <a class=\"continue-reading-link\" href=\"https:\/\/www.elrhema.org\/?page_id=47\"><span>Continue reading<\/span><i class=\"crycon-right-dir\"><\/i><\/a> <\/p>\n","protected":false},"author":1,"featured_media":0,"parent":0,"menu_order":0,"comment_status":"closed","ping_status":"closed","template":"templates\/template-onecolumn.php","meta":{"footnotes":""},"_links":{"self":[{"href":"https:\/\/www.elrhema.org\/index.php?rest_route=\/wp\/v2\/pages\/47"}],"collection":[{"href":"https:\/\/www.elrhema.org\/index.php?rest_route=\/wp\/v2\/pages"}],"about":[{"href":"https:\/\/www.elrhema.org\/index.php?rest_route=\/wp\/v2\/types\/page"}],"author":[{"embeddable":true,"href":"https:\/\/www.elrhema.org\/index.php?rest_route=\/wp\/v2\/users\/1"}],"replies":[{"embeddable":true,"href":"https:\/\/www.elrhema.org\/index.php?rest_route=%2Fwp%2Fv2%2Fcomments&post=47"}],"version-history":[{"count":34,"href":"https:\/\/www.elrhema.org\/index.php?rest_route=\/wp\/v2\/pages\/47\/revisions"}],"predecessor-version":[{"id":497,"href":"https:\/\/www.elrhema.org\/index.php?rest_route=\/wp\/v2\/pages\/47\/revisions\/497"}],"wp:attachment":[{"href":"https:\/\/www.elrhema.org\/index.php?rest_route=%2Fwp%2Fv2%2Fmedia&parent=47"}],"curies":[{"name":"wp","href":"https:\/\/api.w.org\/{rel}","templated":true}]}}